{"id":6048,"date":"2022-12-09T11:58:45","date_gmt":"2022-12-09T11:58:45","guid":{"rendered":"https:\/\/aldeiashumanitar.pt\/inicio\/?page_id=6048"},"modified":"2025-06-04T14:04:33","modified_gmt":"2025-06-04T14:04:33","slug":"equipas","status":"publish","type":"page","link":"https:\/\/aldeiashumanitar.pt\/inicio\/equipas\/","title":{"rendered":"Equipas"},"content":{"rendered":"\t\t<div data-elementor-type=\"wp-page\" data-elementor-id=\"6048\" class=\"elementor elementor-6048\">\n\t\t\t\t\t\t<section class=\"has_eae_slider elementor-section elementor-top-section elementor-element elementor-element-3e8b448 elementor-section-boxed elementor-section-height-default elementor-section-height-default\" data-eae-slider=\"42803\" data-id=\"3e8b448\" data-element_type=\"section\">\n\t\t\t\t\t\t<div class=\"elementor-container elementor-column-gap-default\">\n\t\t\t\t\t<div class=\"has_eae_slider elementor-column elementor-col-100 elementor-top-column elementor-element elementor-element-86951ba\" data-eae-slider=\"27484\" data-id=\"86951ba\" data-element_type=\"column\">\n\t\t\t<div class=\"elementor-widget-wrap elementor-element-populated\">\n\t\t\t\t\t\t<div class=\"elementor-element elementor-element-8ac6586 elementor-widget elementor-widget-ova_heading\" data-id=\"8ac6586\" data-element_type=\"widget\" data-widget_type=\"ova_heading.default\">\n\t\t\t\t<div class=\"elementor-widget-container\">\n\t\t\t\t\t<div class=\"ova-heading\">\r\n\r\n\t\t\t\t\t\t\t<h4 class=\"sub_title thrid_font\">Interven\u00e7\u00e3o<\/h4>\r\n\t\t\t\t\t\t\r\n\t\t\t\t\t\t\t<h2 class=\"title second_font\">Respons\u00e1veis de equipa<\/h2>\r\n\t\t\t\r\n\t\t\t\r\n\t\t<\/div>\r\n\t\t\t\t<\/div>\n\t\t\t\t<\/div>\n\t\t\t\t\t<\/div>\n\t\t<\/div>\n\t\t\t\t\t<\/div>\n\t\t<\/section>\n\t\t\t\t<section class=\"has_eae_slider elementor-section elementor-top-section elementor-element elementor-element-d08e84b elementor-section-boxed elementor-section-height-default elementor-section-height-default\" data-eae-slider=\"51836\" data-id=\"d08e84b\" data-element_type=\"section\">\n\t\t\t\t\t\t<div class=\"elementor-container elementor-column-gap-default\">\n\t\t\t\t\t<div class=\"has_eae_slider elementor-column elementor-col-20 elementor-top-column elementor-element elementor-element-c2ab79b\" data-eae-slider=\"2551\" data-id=\"c2ab79b\" data-element_type=\"column\">\n\t\t\t<div class=\"elementor-widget-wrap elementor-element-populated\">\n\t\t\t\t\t\t<div class=\"elementor-element elementor-element-fd55dc3 elementor-invisible elementor-widget elementor-widget-image\" data-id=\"fd55dc3\" data-element_type=\"widget\" data-settings=\"{&quot;_animation&quot;:&quot;fadeInUp&quot;,&quot;_animation_delay&quot;:100}\" data-widget_type=\"image.default\">\n\t\t\t\t<div class=\"elementor-widget-container\">\n\t\t\t<style>\/*! elementor - v3.19.0 - 28-02-2024 *\/\n.elementor-widget-image{text-align:center}.elementor-widget-image a{display:inline-block}.elementor-widget-image a img[src$=\".svg\"]{width:48px}.elementor-widget-image img{vertical-align:middle;display:inline-block}<\/style>\t\t\t\t\t\t\t<figure class=\"wp-caption\">\n\t\t\t\t\t\t\t\t\t\t<img fetchpriority=\"high\" decoding=\"async\" width=\"800\" height=\"800\" src=\"https:\/\/aldeiashumanitar.pt\/inicio\/wp-content\/uploads\/2025\/06\/rui.jpg\" class=\"attachment-large size-large wp-image-9290\" alt=\"\" srcset=\"https:\/\/aldeiashumanitar.pt\/inicio\/wp-content\/uploads\/2025\/06\/rui.jpg 800w, https:\/\/aldeiashumanitar.pt\/inicio\/wp-content\/uploads\/2025\/06\/rui-300x300.jpg 300w, https:\/\/aldeiashumanitar.pt\/inicio\/wp-content\/uploads\/2025\/06\/rui-150x150.jpg 150w, https:\/\/aldeiashumanitar.pt\/inicio\/wp-content\/uploads\/2025\/06\/rui-768x768.jpg 768w, https:\/\/aldeiashumanitar.pt\/inicio\/wp-content\/uploads\/2025\/06\/rui-600x600.jpg 600w, https:\/\/aldeiashumanitar.pt\/inicio\/wp-content\/uploads\/2025\/06\/rui-100x100.jpg 100w\" sizes=\"(max-width: 800px) 100vw, 800px\" \/>\t\t\t\t\t\t\t\t\t\t\t<figcaption class=\"widget-image-caption wp-caption-text\"><b>Rui Pereira<\/b><div style=\"color:#88858E\">Enfermeiro<\/div><\/figcaption>\n\t\t\t\t\t\t\t\t\t\t<\/figure>\n\t\t\t\t\t\t\t<\/div>\n\t\t\t\t<\/div>\n\t\t\t\t\t<\/div>\n\t\t<\/div>\n\t\t\t\t<div class=\"has_eae_slider elementor-column elementor-col-20 elementor-top-column elementor-element elementor-element-758ef4b\" data-eae-slider=\"64082\" data-id=\"758ef4b\" data-element_type=\"column\">\n\t\t\t<div class=\"elementor-widget-wrap\">\n\t\t\t\t\t\t\t<\/div>\n\t\t<\/div>\n\t\t\t\t<div class=\"has_eae_slider elementor-column elementor-col-20 elementor-top-column elementor-element elementor-element-b0874fc\" data-eae-slider=\"46975\" data-id=\"b0874fc\" data-element_type=\"column\">\n\t\t\t<div class=\"elementor-widget-wrap elementor-element-populated\">\n\t\t\t\t\t\t<div class=\"elementor-element elementor-element-ad70962 elementor-invisible elementor-widget elementor-widget-image\" data-id=\"ad70962\" data-element_type=\"widget\" data-settings=\"{&quot;_animation&quot;:&quot;fadeInUp&quot;,&quot;_animation_delay&quot;:100}\" data-widget_type=\"image.default\">\n\t\t\t\t<div class=\"elementor-widget-container\">\n\t\t\t\t\t\t\t\t\t\t<figure class=\"wp-caption\">\n\t\t\t\t\t\t\t\t\t\t<img decoding=\"async\" width=\"800\" height=\"800\" src=\"https:\/\/aldeiashumanitar.pt\/inicio\/wp-content\/uploads\/2025\/06\/salete.jpg\" class=\"attachment-large size-large wp-image-9292\" alt=\"\" srcset=\"https:\/\/aldeiashumanitar.pt\/inicio\/wp-content\/uploads\/2025\/06\/salete.jpg 800w, https:\/\/aldeiashumanitar.pt\/inicio\/wp-content\/uploads\/2025\/06\/salete-300x300.jpg 300w, https:\/\/aldeiashumanitar.pt\/inicio\/wp-content\/uploads\/2025\/06\/salete-150x150.jpg 150w, https:\/\/aldeiashumanitar.pt\/inicio\/wp-content\/uploads\/2025\/06\/salete-768x768.jpg 768w, https:\/\/aldeiashumanitar.pt\/inicio\/wp-content\/uploads\/2025\/06\/salete-600x600.jpg 600w, https:\/\/aldeiashumanitar.pt\/inicio\/wp-content\/uploads\/2025\/06\/salete-100x100.jpg 100w\" sizes=\"(max-width: 800px) 100vw, 800px\" \/>\t\t\t\t\t\t\t\t\t\t\t<figcaption class=\"widget-image-caption wp-caption-text\"><b>Salete Vilela<\/b><div style=\"color:#88858E\">Enfermeira<\/div><\/figcaption>\n\t\t\t\t\t\t\t\t\t\t<\/figure>\n\t\t\t\t\t\t\t<\/div>\n\t\t\t\t<\/div>\n\t\t\t\t\t<\/div>\n\t\t<\/div>\n\t\t\t\t<div class=\"has_eae_slider elementor-column elementor-col-20 elementor-top-column elementor-element elementor-element-7adb6db\" data-eae-slider=\"43861\" data-id=\"7adb6db\" data-element_type=\"column\">\n\t\t\t<div class=\"elementor-widget-wrap\">\n\t\t\t\t\t\t\t<\/div>\n\t\t<\/div>\n\t\t\t\t<div class=\"has_eae_slider elementor-column elementor-col-20 elementor-top-column elementor-element elementor-element-51b6c9d\" data-eae-slider=\"38643\" data-id=\"51b6c9d\" data-element_type=\"column\">\n\t\t\t<div class=\"elementor-widget-wrap elementor-element-populated\">\n\t\t\t\t\t\t<div class=\"elementor-element elementor-element-f5a0128 elementor-invisible elementor-widget elementor-widget-image\" data-id=\"f5a0128\" data-element_type=\"widget\" data-settings=\"{&quot;_animation&quot;:&quot;fadeInUp&quot;,&quot;_animation_delay&quot;:100}\" data-widget_type=\"image.default\">\n\t\t\t\t<div class=\"elementor-widget-container\">\n\t\t\t\t\t\t\t\t\t\t<figure class=\"wp-caption\">\n\t\t\t\t\t\t\t\t\t\t<img decoding=\"async\" width=\"800\" height=\"800\" src=\"https:\/\/aldeiashumanitar.pt\/inicio\/wp-content\/uploads\/2025\/06\/joana_rocha.jpg\" class=\"attachment-large size-large wp-image-9293\" alt=\"\" srcset=\"https:\/\/aldeiashumanitar.pt\/inicio\/wp-content\/uploads\/2025\/06\/joana_rocha.jpg 800w, https:\/\/aldeiashumanitar.pt\/inicio\/wp-content\/uploads\/2025\/06\/joana_rocha-300x300.jpg 300w, https:\/\/aldeiashumanitar.pt\/inicio\/wp-content\/uploads\/2025\/06\/joana_rocha-150x150.jpg 150w, https:\/\/aldeiashumanitar.pt\/inicio\/wp-content\/uploads\/2025\/06\/joana_rocha-768x768.jpg 768w, https:\/\/aldeiashumanitar.pt\/inicio\/wp-content\/uploads\/2025\/06\/joana_rocha-600x600.jpg 600w, https:\/\/aldeiashumanitar.pt\/inicio\/wp-content\/uploads\/2025\/06\/joana_rocha-100x100.jpg 100w\" sizes=\"(max-width: 800px) 100vw, 800px\" \/>\t\t\t\t\t\t\t\t\t\t\t<figcaption class=\"widget-image-caption wp-caption-text\"><b>Joana Rocha<\/b><div style=\"color:#88858E\">T\u00e9cnica de Servi\u00e7o Social<\/div><\/figcaption>\n\t\t\t\t\t\t\t\t\t\t<\/figure>\n\t\t\t\t\t\t\t<\/div>\n\t\t\t\t<\/div>\n\t\t\t\t\t<\/div>\n\t\t<\/div>\n\t\t\t\t\t<\/div>\n\t\t<\/section>\n\t\t\t\t<\/div>\n\t\t","protected":false},"excerpt":{"rendered":"<p>Interven\u00e7\u00e3o Respons\u00e1veis de equipa Rui PereiraEnfermeiro Salete VilelaEnfermeira Joana RochaT\u00e9cnica de Servi\u00e7o Social<\/p>\n","protected":false},"author":1,"featured_media":0,"parent":0,"menu_order":0,"comment_status":"closed","ping_status":"closed","template":"elementor_header_footer","meta":{"give_campaign_id":0,"footnotes":""},"class_list":["post-6048","page","type-page","status-publish","hentry"],"yoast_head":"<!-- This site is optimized with the Yoast SEO plugin v26.1.1 - https:\/\/yoast.com\/wordpress\/plugins\/seo\/ -->\n<title>Equipas - Aldeias Humanitar<\/title>\n<meta name=\"robots\" content=\"index, follow, max-snippet:-1, max-image-preview:large, max-video-preview:-1\" \/>\n<link rel=\"canonical\" href=\"https:\/\/aldeiashumanitar.pt\/inicio\/equipas\/\" \/>\n<meta property=\"og:locale\" content=\"pt_PT\" \/>\n<meta property=\"og:type\" content=\"article\" \/>\n<meta property=\"og:title\" content=\"Equipas - Aldeias Humanitar\" \/>\n<meta property=\"og:description\" content=\"Interven\u00e7\u00e3o Respons\u00e1veis de equipa Rui PereiraEnfermeiro Salete VilelaEnfermeira Joana RochaT\u00e9cnica de Servi\u00e7o Social\" \/>\n<meta property=\"og:url\" content=\"https:\/\/aldeiashumanitar.pt\/inicio\/equipas\/\" \/>\n<meta property=\"og:site_name\" content=\"Aldeias Humanitar\" \/>\n<meta property=\"article:publisher\" content=\"https:\/\/www.facebook.com\/aldeiashumanitar\" \/>\n<meta property=\"article:modified_time\" content=\"2025-06-04T14:04:33+00:00\" \/>\n<meta property=\"og:image\" content=\"https:\/\/aldeiashumanitar.pt\/inicio\/wp-content\/uploads\/2025\/06\/rui.jpg\" \/>\n\t<meta property=\"og:image:width\" content=\"800\" \/>\n\t<meta property=\"og:image:height\" content=\"800\" \/>\n\t<meta property=\"og:image:type\" content=\"image\/jpeg\" \/>\n<meta name=\"twitter:card\" content=\"summary_large_image\" \/>\n<meta name=\"twitter:site\" content=\"@AldeiasH\" \/>\n<meta name=\"twitter:label1\" content=\"Tempo estimado de leitura\" \/>\n\t<meta name=\"twitter:data1\" content=\"1 minuto\" \/>\n<script type=\"application\/ld+json\" class=\"yoast-schema-graph\">{\"@context\":\"https:\/\/schema.org\",\"@graph\":[{\"@type\":\"WebPage\",\"@id\":\"https:\/\/aldeiashumanitar.pt\/inicio\/equipas\/\",\"url\":\"https:\/\/aldeiashumanitar.pt\/inicio\/equipas\/\",\"name\":\"Equipas - Aldeias Humanitar\",\"isPartOf\":{\"@id\":\"https:\/\/aldeiashumanitar.pt\/inicio\/#website\"},\"primaryImageOfPage\":{\"@id\":\"https:\/\/aldeiashumanitar.pt\/inicio\/equipas\/#primaryimage\"},\"image\":{\"@id\":\"https:\/\/aldeiashumanitar.pt\/inicio\/equipas\/#primaryimage\"},\"thumbnailUrl\":\"https:\/\/aldeiashumanitar.pt\/inicio\/wp-content\/uploads\/2025\/06\/rui.jpg\",\"datePublished\":\"2022-12-09T11:58:45+00:00\",\"dateModified\":\"2025-06-04T14:04:33+00:00\",\"breadcrumb\":{\"@id\":\"https:\/\/aldeiashumanitar.pt\/inicio\/equipas\/#breadcrumb\"},\"inLanguage\":\"pt-PT\",\"potentialAction\":[{\"@type\":\"ReadAction\",\"target\":[\"https:\/\/aldeiashumanitar.pt\/inicio\/equipas\/\"]}]},{\"@type\":\"ImageObject\",\"inLanguage\":\"pt-PT\",\"@id\":\"https:\/\/aldeiashumanitar.pt\/inicio\/equipas\/#primaryimage\",\"url\":\"https:\/\/aldeiashumanitar.pt\/inicio\/wp-content\/uploads\/2025\/06\/rui.jpg\",\"contentUrl\":\"https:\/\/aldeiashumanitar.pt\/inicio\/wp-content\/uploads\/2025\/06\/rui.jpg\",\"width\":800,\"height\":800},{\"@type\":\"BreadcrumbList\",\"@id\":\"https:\/\/aldeiashumanitar.pt\/inicio\/equipas\/#breadcrumb\",\"itemListElement\":[{\"@type\":\"ListItem\",\"position\":1,\"name\":\"In\u00edcio\",\"item\":\"https:\/\/aldeiashumanitar.pt\/inicio\/\"},{\"@type\":\"ListItem\",\"position\":2,\"name\":\"Equipas\"}]},{\"@type\":\"WebSite\",\"@id\":\"https:\/\/aldeiashumanitar.pt\/inicio\/#website\",\"url\":\"https:\/\/aldeiashumanitar.pt\/inicio\/\",\"name\":\"Aldeias Humanitar\",\"description\":\"Interven\u00e7\u00e3o Humanit\u00e1ria\",\"publisher\":{\"@id\":\"https:\/\/aldeiashumanitar.pt\/inicio\/#organization\"},\"potentialAction\":[{\"@type\":\"SearchAction\",\"target\":{\"@type\":\"EntryPoint\",\"urlTemplate\":\"https:\/\/aldeiashumanitar.pt\/inicio\/?s={search_term_string}\"},\"query-input\":{\"@type\":\"PropertyValueSpecification\",\"valueRequired\":true,\"valueName\":\"search_term_string\"}}],\"inLanguage\":\"pt-PT\"},{\"@type\":\"Organization\",\"@id\":\"https:\/\/aldeiashumanitar.pt\/inicio\/#organization\",\"name\":\"Aldeias Humanitar\",\"url\":\"https:\/\/aldeiashumanitar.pt\/inicio\/\",\"logo\":{\"@type\":\"ImageObject\",\"inLanguage\":\"pt-PT\",\"@id\":\"https:\/\/aldeiashumanitar.pt\/inicio\/#\/schema\/logo\/image\/\",\"url\":\"https:\/\/aldeiashumanitar.pt\/inicio\/wp-content\/uploads\/2021\/02\/favicon.png\",\"contentUrl\":\"https:\/\/aldeiashumanitar.pt\/inicio\/wp-content\/uploads\/2021\/02\/favicon.png\",\"width\":512,\"height\":512,\"caption\":\"Aldeias Humanitar\"},\"image\":{\"@id\":\"https:\/\/aldeiashumanitar.pt\/inicio\/#\/schema\/logo\/image\/\"},\"sameAs\":[\"https:\/\/www.facebook.com\/aldeiashumanitar\",\"https:\/\/x.com\/AldeiasH\"]}]}<\/script>\n<!-- \/ Yoast SEO plugin. -->","yoast_head_json":{"title":"Equipas - Aldeias Humanitar","robots":{"index":"index","follow":"follow","max-snippet":"max-snippet:-1","max-image-preview":"max-image-preview:large","max-video-preview":"max-video-preview:-1"},"canonical":"https:\/\/aldeiashumanitar.pt\/inicio\/equipas\/","og_locale":"pt_PT","og_type":"article","og_title":"Equipas - Aldeias Humanitar","og_description":"Interven\u00e7\u00e3o Respons\u00e1veis de equipa Rui PereiraEnfermeiro Salete VilelaEnfermeira Joana RochaT\u00e9cnica de Servi\u00e7o Social","og_url":"https:\/\/aldeiashumanitar.pt\/inicio\/equipas\/","og_site_name":"Aldeias Humanitar","article_publisher":"https:\/\/www.facebook.com\/aldeiashumanitar","article_modified_time":"2025-06-04T14:04:33+00:00","og_image":[{"width":800,"height":800,"url":"https:\/\/aldeiashumanitar.pt\/inicio\/wp-content\/uploads\/2025\/06\/rui.jpg","type":"image\/jpeg"}],"twitter_card":"summary_large_image","twitter_site":"@AldeiasH","twitter_misc":{"Tempo estimado de leitura":"1 minuto"},"schema":{"@context":"https:\/\/schema.org","@graph":[{"@type":"WebPage","@id":"https:\/\/aldeiashumanitar.pt\/inicio\/equipas\/","url":"https:\/\/aldeiashumanitar.pt\/inicio\/equipas\/","name":"Equipas - Aldeias Humanitar","isPartOf":{"@id":"https:\/\/aldeiashumanitar.pt\/inicio\/#website"},"primaryImageOfPage":{"@id":"https:\/\/aldeiashumanitar.pt\/inicio\/equipas\/#primaryimage"},"image":{"@id":"https:\/\/aldeiashumanitar.pt\/inicio\/equipas\/#primaryimage"},"thumbnailUrl":"https:\/\/aldeiashumanitar.pt\/inicio\/wp-content\/uploads\/2025\/06\/rui.jpg","datePublished":"2022-12-09T11:58:45+00:00","dateModified":"2025-06-04T14:04:33+00:00","breadcrumb":{"@id":"https:\/\/aldeiashumanitar.pt\/inicio\/equipas\/#breadcrumb"},"inLanguage":"pt-PT","potentialAction":[{"@type":"ReadAction","target":["https:\/\/aldeiashumanitar.pt\/inicio\/equipas\/"]}]},{"@type":"ImageObject","inLanguage":"pt-PT","@id":"https:\/\/aldeiashumanitar.pt\/inicio\/equipas\/#primaryimage","url":"https:\/\/aldeiashumanitar.pt\/inicio\/wp-content\/uploads\/2025\/06\/rui.jpg","contentUrl":"https:\/\/aldeiashumanitar.pt\/inicio\/wp-content\/uploads\/2025\/06\/rui.jpg","width":800,"height":800},{"@type":"BreadcrumbList","@id":"https:\/\/aldeiashumanitar.pt\/inicio\/equipas\/#breadcrumb","itemListElement":[{"@type":"ListItem","position":1,"name":"In\u00edcio","item":"https:\/\/aldeiashumanitar.pt\/inicio\/"},{"@type":"ListItem","position":2,"name":"Equipas"}]},{"@type":"WebSite","@id":"https:\/\/aldeiashumanitar.pt\/inicio\/#website","url":"https:\/\/aldeiashumanitar.pt\/inicio\/","name":"Aldeias Humanitar","description":"Interven\u00e7\u00e3o Humanit\u00e1ria","publisher":{"@id":"https:\/\/aldeiashumanitar.pt\/inicio\/#organization"},"potentialAction":[{"@type":"SearchAction","target":{"@type":"EntryPoint","urlTemplate":"https:\/\/aldeiashumanitar.pt\/inicio\/?s={search_term_string}"},"query-input":{"@type":"PropertyValueSpecification","valueRequired":true,"valueName":"search_term_string"}}],"inLanguage":"pt-PT"},{"@type":"Organization","@id":"https:\/\/aldeiashumanitar.pt\/inicio\/#organization","name":"Aldeias Humanitar","url":"https:\/\/aldeiashumanitar.pt\/inicio\/","logo":{"@type":"ImageObject","inLanguage":"pt-PT","@id":"https:\/\/aldeiashumanitar.pt\/inicio\/#\/schema\/logo\/image\/","url":"https:\/\/aldeiashumanitar.pt\/inicio\/wp-content\/uploads\/2021\/02\/favicon.png","contentUrl":"https:\/\/aldeiashumanitar.pt\/inicio\/wp-content\/uploads\/2021\/02\/favicon.png","width":512,"height":512,"caption":"Aldeias Humanitar"},"image":{"@id":"https:\/\/aldeiashumanitar.pt\/inicio\/#\/schema\/logo\/image\/"},"sameAs":["https:\/\/www.facebook.com\/aldeiashumanitar","https:\/\/x.com\/AldeiasH"]}]}},"campaignId":"","_links":{"self":[{"href":"https:\/\/aldeiashumanitar.pt\/inicio\/wp-json\/wp\/v2\/pages\/6048","targetHints":{"allow":["GET"]}}],"collection":[{"href":"https:\/\/aldeiashumanitar.pt\/inicio\/wp-json\/wp\/v2\/pages"}],"about":[{"href":"https:\/\/aldeiashumanitar.pt\/inicio\/wp-json\/wp\/v2\/types\/page"}],"author":[{"embeddable":true,"href":"https:\/\/aldeiashumanitar.pt\/inicio\/wp-json\/wp\/v2\/users\/1"}],"replies":[{"embeddable":true,"href":"https:\/\/aldeiashumanitar.pt\/inicio\/wp-json\/wp\/v2\/comments?post=6048"}],"version-history":[{"count":71,"href":"https:\/\/aldeiashumanitar.pt\/inicio\/wp-json\/wp\/v2\/pages\/6048\/revisions"}],"predecessor-version":[{"id":9296,"href":"https:\/\/aldeiashumanitar.pt\/inicio\/wp-json\/wp\/v2\/pages\/6048\/revisions\/9296"}],"wp:attachment":[{"href":"https:\/\/aldeiashumanitar.pt\/inicio\/wp-json\/wp\/v2\/media?parent=6048"}],"curies":[{"name":"wp","href":"https:\/\/api.w.org\/{rel}","templated":true}]}}